{"id":13995,"date":"2023-07-28T09:58:54","date_gmt":"2023-07-28T09:58:54","guid":{"rendered":"https:\/\/business3.reobiztheme.com\/?page_id=13995"},"modified":"2026-01-03T10:50:14","modified_gmt":"2026-01-03T13:50:14","slug":"onepage","status":"publish","type":"page","link":"https:\/\/grupocredikol.com.ar\/","title":{"rendered":"Onepage"},"content":{"rendered":"\t\t<div data-elementor-type=\"wp-page\" data-elementor-id=\"13995\" class=\"elementor elementor-13995\" data-elementor-post-type=\"page\">\n\t\t\t\t\t\t<section class=\"elementor-section elementor-top-section elementor-element elementor-element-9ee875a elementor-section-boxed elementor-section-height-default elementor-section-height-default\" data-id=\"9ee875a\" data-element_type=\"section\" data-e-type=\"section\">\n\t\t\t\t\t\t<div class=\"elementor-container elementor-column-gap-default\">\n\t\t\t\t\t<div class=\"elementor-column elementor-col-100 elementor-top-column elementor-element elementor-element-3176d2c\" data-id=\"3176d2c\" data-element_type=\"column\" data-e-type=\"column\">\n\t\t\t<div class=\"elementor-widget-wrap elementor-element-populated\">\n\t\t\t\t\t\t<div class=\"elementor-element elementor-element-92a4fe2 elementor-widget elementor-widget-slider_revolution\" data-id=\"92a4fe2\" data-element_type=\"widget\" data-e-type=\"widget\" data-widget_type=\"slider_revolution.default\">\n\t\t\t\t<div class=\"elementor-widget-container\">\n\t\t\t\t\t\n\t\t<div class=\"wp-block-themepunch-revslider\">\n\t\t\t\t<p class=\"rs-p-wp-fix\"><\/p>\n\t\t\t\t<sr7-module data-alias=\"business-3\" data-id=\"1\" id=\"SR7_1_1\" class=\"rs-ov-hidden\" data-version=\"6.7.34\">\n\t\t\t\t\t<sr7-adjuster><\/sr7-adjuster>\n\t\t\t\t\t<sr7-content>\n\t\t\t\t\t\t<sr7-slide id=\"SR7_1_1-2\" data-key=\"2\">\n\t\t\t\t\t\t\t<sr7-bg id=\"SR7_1_1-2-7\" class=\"sr7-layer\"><noscript><img decoding=\"async\" src=\"http:\/\/keenitsolutions.com\/products\/wordpress\/reobiz\/wp-content\/uploads\/2020\/06\/home4-slide2.jpg\" alt=\"\" title=\"Onepage\"><\/noscript><\/sr7-bg>\n\t\t\t\t\t\t\t<sr7-txt id=\"SR7_1_1-2-0\" class=\"sr7-layer\">Financieras<\/sr7-txt>\n\t\t\t\t\t\t\t<a id=\"SR7_1_1-2-2\" class=\"sr7-layer\" href=\"https:\/\/business3.reobiztheme.com\/contact\/\" target=\"_self\"><\/a>\n\t\t\t\t\t\t\t<sr7-txt id=\"SR7_1_1-2-4\" class=\"sr7-layer\">Pensamos, desarrollamos y administramos<\/sr7-txt>\n\t\t\t\t\t\t\t<sr7-txt id=\"SR7_1_1-2-6\" class=\"sr7-layer\">Productos y <br \/>\nsoluciones<\/sr7-txt>\n\t\t\t\t\t\t<\/sr7-slide>\n\t\t\t\t\t\t<sr7-slide id=\"SR7_1_1-3\" data-key=\"3\">\n\t\t\t\t\t\t<\/sr7-slide>\n\t\t\t\t\t<\/sr7-content>\n\t\t\t\t\t<image_lists style=\"display:none\">\n\t\t\t\t\t\t<img data-src=\"\/\/keenitsolutions.com\/products\/wordpress\/reobiz\/wp-content\/uploads\/2020\/06\/home4-slide1-1.jpg\" data-lib=\"medialibrary\" width=\"0\" height=\"0\" data-dbsrc=\"Ly9rZWVuaXRzb2x1dGlvbnMuY29tL3Byb2R1Y3RzL3dvcmRwcmVzcy9yZW9iaXovd3AtY29udGVudC91cGxvYWRzLzIwMjAvMDYvaG9tZTQtc2xpZGUxLTEuanBn\"\/>\n\t\t\t\t\t\t<img data-src=\"\/\/keenitsolutions.com\/products\/wordpress\/reobiz\/wp-content\/uploads\/2020\/06\/home4-slide2.jpg\" data-lib=\"medialibrary\" width=\"0\" height=\"0\" data-dbsrc=\"Ly9rZWVuaXRzb2x1dGlvbnMuY29tL3Byb2R1Y3RzL3dvcmRwcmVzcy9yZW9iaXovd3AtY29udGVudC91cGxvYWRzLzIwMjAvMDYvaG9tZTQtc2xpZGUyLmpwZw==\"\/>\n\t\t\t\t\t<\/image_lists>\n\t\t\t\t<\/sr7-module>\n\t\t\t\t<script>\n\t\t\t\t\tSR7.PMH ??={}; SR7.PMH[\"SR7_1_1\"] = {cn:100,state:false,fn: function() { if (_tpt!==undefined && _tpt.prepareModuleHeight !== undefined) {  _tpt.prepareModuleHeight({id:\"SR7_1_1\",el:[800,800,768,600,600],type:'standard',shdw:'0',gh:[800,800,768,600,600],gw:[1200,1200,1024,778,480],vpt:['-100px&#039;,&#039;-100px&#039;,&#039;-100px&#039;,&#039;-100px&#039;,&#039;-100px'],size:{fullWidth:true, fullHeight:false},mh:'0',onh:0,onw:0,bg:{color:'{\"orig\":\"transparent\",\"type\":\"solid\",\"string\":\"transparent\"}'},plType:'0',plColor:'#FFFFFF'});   SR7.PMH[\"SR7_1_1\"].state=true;} else if(SR7.PMH[\"SR7_1_1\"].cn-->0)\tsetTimeout( SR7.PMH[\"SR7_1_1\"].fn,19);}};SR7.PMH[\"SR7_1_1\" ].fn();\n\t\t\t\t<\/script>\n<\/div>\n\n\t\t\t\t\t\t<\/div>\n\t\t\t\t<\/div>\n\t\t\t\t\t<\/div>\n\t\t<\/div>\n\t\t\t\t\t<\/div>\n\t\t<\/section>\n\t\t\t\t<section class=\"elementor-section elementor-top-section elementor-element elementor-element-4565e8a0 elementor-section-stretched elementor-section-boxed elementor-section-height-default elementor-section-height-default\" data-id=\"4565e8a0\" data-element_type=\"section\" data-e-type=\"section\" id=\"services\" data-settings=\"{&quot;stretch_section&quot;:&quot;section-stretched&quot;,&quot;background_background&quot;:&quot;classic&quot;}\">\n\t\t\t\t\t\t<div class=\"elementor-container elementor-column-gap-default\">\n\t\t\t\t\t<div class=\"elementor-column elementor-col-100 elementor-top-column elementor-element elementor-element-5570eaaf\" data-id=\"5570eaaf\" data-element_type=\"column\" data-e-type=\"column\">\n\t\t\t<div class=\"elementor-widget-wrap elementor-element-populated\">\n\t\t\t\t\t\t<div class=\"elementor-element elementor-element-284fafc9 elementor-widget elementor-widget-rs-heading\" data-id=\"284fafc9\" data-element_type=\"widget\" data-e-type=\"widget\" data-widget_type=\"rs-heading.default\">\n\t\t\t\t<div class=\"elementor-widget-container\">\n\t\t\t\t\t        <div class=\"rs-heading default  \">\r\n        \t<div class=\"title-inner\">\r\n        \t\t      \t\t\r\n\t            <span class=\"sub-text \">NUESTROS PRODUCTOS<\/span><h2 class=\"title\"><span class=\"watermark\"><\/span>En CREDIKOL pensamos, desarrollamos y administramos productos y soluciones financieras.<\/h2>\t        <\/div>\r\n\t                <\/div>\r\n\r\n        \t\t\t\t<\/div>\n\t\t\t\t<\/div>\n\t\t\t\t<section class=\"elementor-section elementor-inner-section elementor-element elementor-element-4a6ce48c elementor-section-full_width elementor-section-height-default elementor-section-height-default\" data-id=\"4a6ce48c\" data-element_type=\"section\" data-e-type=\"section\">\n\t\t\t\t\t\t<div class=\"elementor-container elementor-column-gap-wide\">\n\t\t\t\t\t<div class=\"elementor-column elementor-col-33 elementor-inner-column elementor-element elementor-element-629295a6\" data-id=\"629295a6\" data-element_type=\"column\" data-e-type=\"column\" data-settings=\"{&quot;background_background&quot;:&quot;classic&quot;}\">\n\t\t\t<div class=\"elementor-widget-wrap elementor-element-populated\">\n\t\t\t\t\t\t<div class=\"elementor-element elementor-element-71b54776 elementor-widget elementor-widget-rs-heading\" data-id=\"71b54776\" data-element_type=\"widget\" data-e-type=\"widget\" data-widget_type=\"rs-heading.default\">\n\t\t\t\t<div class=\"elementor-widget-container\">\n\t\t\t\t\t        <div class=\"rs-heading default  \">\r\n        \t<div class=\"title-inner\">\r\n        \t\t      \t\t\r\n\t            <span class=\"sub-text \">#<\/span><h2 class=\"title\"><span class=\"watermark\"><\/span>Cr\u00e9ditos para consumo<\/h2>\t        <\/div>\r\n\t                    \t<div class=\"description\">\r\n            \t\t<p><span lang=\"es-ES\">Ideal para cubrir gastos personales, hacer realidad tus proyectos o darte ese gusto que ven\u00eds postergando.<\/span><\/p>            \t\t\r\n            \t<\/div>\r\n        \t        <\/div>\r\n\r\n        \t\t\t\t<\/div>\n\t\t\t\t<\/div>\n\t\t\t\t<div class=\"elementor-element elementor-element-4b0402de elementor-widget elementor-widget-rs-heading\" data-id=\"4b0402de\" data-element_type=\"widget\" data-e-type=\"widget\" data-widget_type=\"rs-heading.default\">\n\t\t\t\t<div class=\"elementor-widget-container\">\n\t\t\t\t\t        <div class=\"rs-heading default  \">\r\n        \t<div class=\"title-inner\">\r\n        \t\t      \t\t\r\n\t            <span class=\"sub-text \">#<\/span><h2 class=\"title\"><span class=\"watermark\"><\/span>Consolidaci\u00f3n de deudas<\/h2>\t        <\/div>\r\n\t                    \t<div class=\"description\">\r\n            \t\t<p><span lang=\"es-ES\">Unific\u00e1 tus compromisos financieros en una sola cuota. Con nuestro asesoramiento consegu\u00ed lo que necesit\u00e1s: m\u00e1s orden, menos estr\u00e9s y un mejor control de tu vida financiera.<\/span><\/p>            \t\t\r\n            \t<\/div>\r\n        \t        <\/div>\r\n\r\n        \t\t\t\t<\/div>\n\t\t\t\t<\/div>\n\t\t\t\t\t<\/div>\n\t\t<\/div>\n\t\t\t\t<div class=\"elementor-column elementor-col-33 elementor-inner-column elementor-element elementor-element-da8d592\" data-id=\"da8d592\" data-element_type=\"column\" data-e-type=\"column\">\n\t\t\t<div class=\"elementor-widget-wrap elementor-element-populated\">\n\t\t\t\t\t\t<div class=\"elementor-element elementor-element-4ef81d4a elementor-widget elementor-widget-rs-heading\" data-id=\"4ef81d4a\" data-element_type=\"widget\" data-e-type=\"widget\" data-widget_type=\"rs-heading.default\">\n\t\t\t\t<div class=\"elementor-widget-container\">\n\t\t\t\t\t        <div class=\"rs-heading default  \">\r\n        \t<div class=\"title-inner\">\r\n        \t\t      \t\t\r\n\t            <span class=\"sub-text \">#<\/span><h2 class=\"title\"><span class=\"watermark\"><\/span>Financiaci\u00f3n de productos<\/h2>\t        <\/div>\r\n\t                    \t<div class=\"description\">\r\n            \t\t<p><span lang=\"es-ES\">Acced\u00e9 a lo que necesit\u00e1s hoy y pagalo en cuotas. Tecnolog\u00eda, electrodom\u00e9sticos y mucho m\u00e1s.<\/span><\/p><p>\u00a0<\/p>            \t\t\r\n            \t<\/div>\r\n        \t        <\/div>\r\n\r\n        \t\t\t\t<\/div>\n\t\t\t\t<\/div>\n\t\t\t\t<div class=\"elementor-element elementor-element-5211b793 elementor-widget elementor-widget-rs-heading\" data-id=\"5211b793\" data-element_type=\"widget\" data-e-type=\"widget\" data-widget_type=\"rs-heading.default\">\n\t\t\t\t<div class=\"elementor-widget-container\">\n\t\t\t\t\t        <div class=\"rs-heading default  \">\r\n        \t<div class=\"title-inner\">\r\n        \t\t      \t\t\r\n\t            <span class=\"sub-text \">#<\/span><h2 class=\"title\"><span class=\"watermark\"><\/span>Cr\u00e9ditos hipotecarios<\/h2>\t        <\/div>\r\n\t                    \t<div class=\"description\">\r\n            \t\t<p><span lang=\"es-ES\">El paso hacia tu casa propia con opciones de financiamiento claras, accesibles y adaptadas a vos.<\/span><\/p>            \t\t\r\n            \t<\/div>\r\n        \t        <\/div>\r\n\r\n        \t\t\t\t<\/div>\n\t\t\t\t<\/div>\n\t\t\t\t\t<\/div>\n\t\t<\/div>\n\t\t\t\t<div class=\"elementor-column elementor-col-33 elementor-inner-column elementor-element elementor-element-16324b29\" data-id=\"16324b29\" data-element_type=\"column\" data-e-type=\"column\">\n\t\t\t<div class=\"elementor-widget-wrap elementor-element-populated\">\n\t\t\t\t\t\t<div class=\"elementor-element elementor-element-7ebd6e40 elementor-widget elementor-widget-rs-heading\" data-id=\"7ebd6e40\" data-element_type=\"widget\" data-e-type=\"widget\" data-widget_type=\"rs-heading.default\">\n\t\t\t\t<div class=\"elementor-widget-container\">\n\t\t\t\t\t        <div class=\"rs-heading default  \">\r\n        \t<div class=\"title-inner\">\r\n        \t\t      \t\t\r\n\t            <span class=\"sub-text \">#<\/span><h2 class=\"title\"><span class=\"watermark\"><\/span>Cr\u00e9ditos prendarios<\/h2>\t        <\/div>\r\n\t                    \t<div class=\"description\">\r\n            \t\t<p><span lang=\"es-ES\">Obten\u00e9 tu auto o moto con financiamiento flexible o acced\u00e9 a una auto - prenda.<\/span><\/p>            \t\t\r\n            \t<\/div>\r\n        \t        <\/div>\r\n\r\n        \t\t\t\t<\/div>\n\t\t\t\t<\/div>\n\t\t\t\t\t<\/div>\n\t\t<\/div>\n\t\t\t\t\t<\/div>\n\t\t<\/section>\n\t\t\t\t\t<\/div>\n\t\t<\/div>\n\t\t\t\t\t<\/div>\n\t\t<\/section>\n\t\t\t\t<section class=\"elementor-section elementor-top-section elementor-element elementor-element-2fab497e elementor-section-stretched elementor-section-boxed elementor-section-height-default elementor-section-height-default\" data-id=\"2fab497e\" data-element_type=\"section\" data-e-type=\"section\" id=\"about\" data-settings=\"{&quot;stretch_section&quot;:&quot;section-stretched&quot;,&quot;background_background&quot;:&quot;classic&quot;}\">\n\t\t\t\t\t\t<div class=\"elementor-container elementor-column-gap-default\">\n\t\t\t\t\t<div class=\"elementor-column elementor-col-100 elementor-top-column elementor-element elementor-element-114d0db3\" data-id=\"114d0db3\" data-element_type=\"column\" data-e-type=\"column\">\n\t\t\t<div class=\"elementor-widget-wrap elementor-element-populated\">\n\t\t\t\t\t\t<section class=\"elementor-section elementor-inner-section elementor-element elementor-element-a697e4c elementor-section-boxed elementor-section-height-default elementor-section-height-default\" data-id=\"a697e4c\" data-element_type=\"section\" data-e-type=\"section\">\n\t\t\t\t\t\t<div class=\"elementor-container elementor-column-gap-default\">\n\t\t\t\t\t<div class=\"elementor-column elementor-col-100 elementor-inner-column elementor-element elementor-element-69ffb8cc\" data-id=\"69ffb8cc\" data-element_type=\"column\" data-e-type=\"column\">\n\t\t\t<div class=\"elementor-widget-wrap elementor-element-populated\">\n\t\t\t\t\t\t<div class=\"elementor-element elementor-element-31ac8adb elementor-widget elementor-widget-rs-service-grid\" data-id=\"31ac8adb\" data-element_type=\"widget\" data-e-type=\"widget\" data-widget_type=\"rs-service-grid.default\">\n\t\t\t\t<div class=\"elementor-widget-container\">\n\t\t\t\t\t\t\t\r\n\t\t<div class=\" rs-addon-services services-style1 service_shape_\">\r\n\t\t    <div class=\"services-part style9-\">\r\n\r\n\t\t    \t\t\t\t    \t\t    \t\t\r\n\t\t    \t\t\t    \t\t       \r\n\t\t\t    <div class=\"services-text\">\r\n\r\n\t\t\t    \t\r\n\r\n\t\t\t    \t\t\t\t\t    \t<div class=\"services-title\">\t\t\t\t    \t\t\r\n\t\t\t\t    \t\t\t\t\t\t    \t\t\t<h3 class=\"title\"> La primera  &quot;Fintech + H&quot;<\/h3>\r\n\t\t\t\t    \t\t\t\t\t\t    \t\t\r\n\t\t\t\t    \t<\/div>\r\n\t\t\t    \t\t\r\n\r\n\t\t\t    \t\t\t\t    \t\t<p class=\"services-txt\">  Somos un equipo con m\u00e1s de 20 a\u00f1os de experiencia en el sistema financiero.<br>\nNos apoyamos en la tecnolog\u00eda para potenciar nuestro alcance y acompa\u00f1arte, entendiendo que cada persona tiene un camino financiero \u00fanico.<br>\nPor eso, dise\u00f1amos soluciones a la medida de tus necesidades, combinando conocimiento, innovaci\u00f3n y cercan\u00eda.<br><br>\n\nPorque no hay dos historias iguales.<br>\nPorque no todos necesitamos lo mismo.<br>\nPorque tu camino merece una respuesta pensada especialmente para vos.<br><\/p>\t\r\n\t\t\t    \t\t\r\n\r\n\r\n\r\n\t\t\t    \t\t    \t    \t\t\t    \t    \t\r\n\r\n\r\n\r\n\t\t\t    <\/div>\r\n\t\t\t<\/div>\r\n\t\t<\/div>\t\r\n\t\t\r\n\t\t\t\t\t<\/div>\n\t\t\t\t<\/div>\n\t\t\t\t\t<\/div>\n\t\t<\/div>\n\t\t\t\t\t<\/div>\n\t\t<\/section>\n\t\t\t\t\t<\/div>\n\t\t<\/div>\n\t\t\t\t\t<\/div>\n\t\t<\/section>\n\t\t\t\t<section class=\"elementor-section elementor-top-section elementor-element elementor-element-5df55aec elementor-section-stretched elementor-section-full_width elementor-section-content-middle elementor-section-height-default elementor-section-height-default\" data-id=\"5df55aec\" data-element_type=\"section\" data-e-type=\"section\" data-settings=\"{&quot;stretch_section&quot;:&quot;section-stretched&quot;,&quot;background_background&quot;:&quot;classic&quot;}\">\n\t\t\t\t\t\t<div class=\"elementor-container elementor-column-gap-default\">\n\t\t\t\t\t<div class=\"elementor-column elementor-col-50 elementor-top-column elementor-element elementor-element-13ce0273\" data-id=\"13ce0273\" data-element_type=\"column\" data-e-type=\"column\" data-settings=\"{&quot;background_background&quot;:&quot;classic&quot;}\">\n\t\t\t<div class=\"elementor-widget-wrap elementor-element-populated\">\n\t\t\t\t\t\t<section class=\"elementor-section elementor-inner-section elementor-element elementor-element-56781015 elementor-section-boxed elementor-section-height-default elementor-section-height-default\" data-id=\"56781015\" data-element_type=\"section\" data-e-type=\"section\" id=\"servicios\">\n\t\t\t\t\t\t<div class=\"elementor-container elementor-column-gap-default\">\n\t\t\t\t\t<div class=\"elementor-column elementor-col-100 elementor-inner-column elementor-element elementor-element-439eebc4\" data-id=\"439eebc4\" data-element_type=\"column\" data-e-type=\"column\">\n\t\t\t<div class=\"elementor-widget-wrap elementor-element-populated\">\n\t\t\t\t\t\t<div class=\"elementor-element elementor-element-11fddccc elementor-widget elementor-widget-rs-heading\" data-id=\"11fddccc\" data-element_type=\"widget\" data-e-type=\"widget\" data-widget_type=\"rs-heading.default\">\n\t\t\t\t<div class=\"elementor-widget-container\">\n\t\t\t\t\t        <div class=\"rs-heading default  \">\r\n        \t<div class=\"title-inner\">\r\n        \t\t      \t\t\r\n\t            <span class=\"sub-text \">Servicios<\/span><h2 class=\"title\"><span class=\"watermark\"><\/span>Soluciones financieras integrales, con un enfoque humano respaldado en la tecnolog\u00eda.<\/h2>\t        <\/div>\r\n\t                    \t<div class=\"description\">\r\n            \t\t<p><span lang=\"es-ES\">En CREDIKOL, no solo ofrecemos productos financieros: acompa\u00f1amos a personas y empresas en cada etapa, desde el dise\u00f1o hasta la gesti\u00f3n, con una mirada estrat\u00e9gica, transparente y personalizada.<\/span><\/p>            \t\t\r\n            \t<\/div>\r\n        \t        <\/div>\r\n\r\n        \t\t\t\t<\/div>\n\t\t\t\t<\/div>\n\t\t\t\t\t<\/div>\n\t\t<\/div>\n\t\t\t\t\t<\/div>\n\t\t<\/section>\n\t\t\t\t\t<\/div>\n\t\t<\/div>\n\t\t\t\t<div class=\"elementor-column elementor-col-50 elementor-top-column elementor-element elementor-element-1c1defd8\" data-id=\"1c1defd8\" data-element_type=\"column\" data-e-type=\"column\" data-settings=\"{&quot;background_background&quot;:&quot;classic&quot;}\">\n\t\t\t<div class=\"elementor-widget-wrap elementor-element-populated\">\n\t\t\t\t\t\t<section class=\"elementor-section elementor-inner-section elementor-element elementor-element-30bf36b7 elementor-section-boxed elementor-section-height-default elementor-section-height-default\" data-id=\"30bf36b7\" data-element_type=\"section\" data-e-type=\"section\">\n\t\t\t\t\t\t<div class=\"elementor-container elementor-column-gap-default\">\n\t\t\t\t\t<div class=\"elementor-column elementor-col-100 elementor-inner-column elementor-element elementor-element-654a4f7c\" data-id=\"654a4f7c\" data-element_type=\"column\" data-e-type=\"column\">\n\t\t\t<div class=\"elementor-widget-wrap elementor-element-populated\">\n\t\t\t\t\t\t<div class=\"elementor-element elementor-element-2646520 elementor-widget elementor-widget-text-editor\" data-id=\"2646520\" data-element_type=\"widget\" data-e-type=\"widget\" data-widget_type=\"text-editor.default\">\n\t\t\t\t<div class=\"elementor-widget-container\">\n\t\t\t\t\t\t\t\t\t<p><strong><span lang=\"es-ES\" style=\"color: #ffffff;\">Desarrollo de productos financieros<\/span><\/strong><\/p><p><span lang=\"es-ES\" style=\"color: #ffffff;\">Creamos soluciones innovadoras, adaptadas a las necesidades del mercado y dise\u00f1adas para mejorar la experiencia de cada usuario.<\/span><\/p><p><span lang=\"es-ES\" style=\"color: #ffffff;\"><b>Administraci\u00f3n y comercializaci\u00f3n<\/b><\/span><\/p><p><span lang=\"es-ES\" style=\"color: #ffffff;\">Gestionamos cada producto de manera integral: desde su implementaci\u00f3n hasta su llegada al cliente, garantizando eficiencia, transparencia y confianza en todo el proceso.<\/span><\/p><p><span lang=\"es-ES\" style=\"color: #ffffff;\"><b>Gesti\u00f3n de cobranza<\/b><\/span><\/p><p><span lang=\"es-ES\" style=\"color: #ffffff;\">Aplicamos procesos de cobranza efectivos y respetuosos, priorizando la recuperaci\u00f3n de activos y cuidando siempre la relaci\u00f3n con cada persona.<\/span><\/p><p><span lang=\"es-ES\" style=\"color: #ffffff;\"><b>Asesoramiento y evaluaci\u00f3n financiera<\/b><\/span><\/p><p><span lang=\"es-ES\" style=\"color: #ffffff;\">Brindamos un an\u00e1lisis personalizado en cada caso, ofreciendo herramientas y acompa\u00f1amiento para tomar decisiones financieras informadas y sostenibles.<\/span><\/p>\t\t\t\t\t\t\t\t<\/div>\n\t\t\t\t<\/div>\n\t\t\t\t\t<\/div>\n\t\t<\/div>\n\t\t\t\t\t<\/div>\n\t\t<\/section>\n\t\t\t\t\t<\/div>\n\t\t<\/div>\n\t\t\t\t\t<\/div>\n\t\t<\/section>\n\t\t\t\t<\/div>\n\t\t","protected":false},"excerpt":{"rendered":"<p>NUESTROS PRODUCTOS En CREDIKOL pensamos, desarrollamos y administramos productos y soluciones financieras. # Cr\u00e9ditos para consumo Ideal para cubrir gastos personales, hacer realidad tus proyectos o darte ese gusto que ven\u00eds postergando. # Consolidaci\u00f3n de deudas Unific\u00e1 tus compromisos financieros en una sola cuota. Con nuestro asesoramiento consegu\u00ed lo que necesit\u00e1s: m\u00e1s orden, menos estr\u00e9s&#8230;<\/p>\n","protected":false},"author":1,"featured_media":0,"parent":0,"menu_order":0,"comment_status":"closed","ping_status":"closed","template":"elementor_header_footer","meta":{"footnotes":""},"class_list":["post-13995","page","type-page","status-publish","hentry"],"_links":{"self":[{"href":"https:\/\/grupocredikol.com.ar\/index.php?rest_route=\/wp\/v2\/pages\/13995","targetHints":{"allow":["GET"]}}],"collection":[{"href":"https:\/\/grupocredikol.com.ar\/index.php?rest_route=\/wp\/v2\/pages"}],"about":[{"href":"https:\/\/grupocredikol.com.ar\/index.php?rest_route=\/wp\/v2\/types\/page"}],"author":[{"embeddable":true,"href":"https:\/\/grupocredikol.com.ar\/index.php?rest_route=\/wp\/v2\/users\/1"}],"replies":[{"embeddable":true,"href":"https:\/\/grupocredikol.com.ar\/index.php?rest_route=%2Fwp%2Fv2%2Fcomments&post=13995"}],"version-history":[{"count":106,"href":"https:\/\/grupocredikol.com.ar\/index.php?rest_route=\/wp\/v2\/pages\/13995\/revisions"}],"predecessor-version":[{"id":22151,"href":"https:\/\/grupocredikol.com.ar\/index.php?rest_route=\/wp\/v2\/pages\/13995\/revisions\/22151"}],"wp:attachment":[{"href":"https:\/\/grupocredikol.com.ar\/index.php?rest_route=%2Fwp%2Fv2%2Fmedia&parent=13995"}],"curies":[{"name":"wp","href":"https:\/\/api.w.org\/{rel}","templated":true}]}}